{"id":38,"date":"2024-01-31T00:21:51","date_gmt":"2024-01-30T23:21:51","guid":{"rendered":"http:\/\/localhost\/art-wordpress\/?page_id=38"},"modified":"2024-02-09T10:14:08","modified_gmt":"2024-02-09T09:14:08","slug":"laminar-flow-anlagen","status":"publish","type":"page","link":"https:\/\/art-reinraumtechnik.de\/en\/produkte\/laminar-flow-anlagen\/","title":{"rendered":"Laminarflow Anlagen"},"content":{"rendered":"","protected":false},"excerpt":{"rendered":"","protected":false},"author":1,"featured_media":0,"parent":20,"menu_order":0,"comment_status":"closed","ping_status":"closed","template":"template-produktportfolio-laminarflow.php","meta":{"_acf_changed":false,"footnotes":""},"class_list":["post-38","page","type-page","status-publish","hentry"],"acf":[],"yoast_head":"<!-- This site is optimized with the Yoast SEO plugin v27.1.1 - https:\/\/yoast.com\/product\/yoast-seo-wordpress\/ -->\n<title>Laminar Flow-Anlagen - Art GmbH<\/title>\n<meta name=\"description\" content=\"Das Fertigungsprogramm der ART GmbH \u00fcberzeugt mit qualit\u00e4tsvollen, innovativen und investitionssicheren Anlagen f\u00fcr die Containment- und Reinraumtechnik.\" \/>\n<meta name=\"robots\" content=\"index, follow, max-snippet:-1, max-image-preview:large, max-video-preview:-1\" \/>\n<link rel=\"canonical\" href=\"https:\/\/art-reinraumtechnik.de\/en\/produkte\/laminar-flow-anlagen\/\" \/>\n<meta property=\"og:locale\" content=\"en_US\" \/>\n<meta property=\"og:type\" content=\"article\" \/>\n<meta property=\"og:title\" content=\"Laminar Flow-Anlagen - Art GmbH\" \/>\n<meta property=\"og:description\" content=\"Das Fertigungsprogramm der ART GmbH \u00fcberzeugt mit qualit\u00e4tsvollen, innovativen und investitionssicheren Anlagen f\u00fcr die Containment- und Reinraumtechnik.\" \/>\n<meta property=\"og:url\" content=\"https:\/\/art-reinraumtechnik.de\/en\/produkte\/laminar-flow-anlagen\/\" \/>\n<meta property=\"og:site_name\" content=\"ART-Reinraumtechnik ENG\" \/>\n<meta property=\"article:modified_time\" content=\"2024-02-09T09:14:08+00:00\" \/>\n<meta property=\"og:image\" content=\"https:\/\/art-reinraumtechnik.de\/en\/wp-content\/uploads\/sites\/2\/2024\/02\/logo.png\" \/>\n\t<meta property=\"og:image:width\" content=\"919\" \/>\n\t<meta property=\"og:image:height\" content=\"260\" \/>\n\t<meta property=\"og:image:type\" content=\"image\/png\" \/>\n<meta name=\"twitter:card\" content=\"summary_large_image\" \/>\n<script type=\"application\/ld+json\" class=\"yoast-schema-graph\">{\"@context\":\"https:\/\/schema.org\",\"@graph\":[{\"@type\":\"WebPage\",\"@id\":\"https:\/\/art-reinraumtechnik.de\/en\/produkte\/laminar-flow-anlagen\/\",\"url\":\"https:\/\/art-reinraumtechnik.de\/en\/produkte\/laminar-flow-anlagen\/\",\"name\":\"Laminar Flow-Anlagen - Art GmbH\",\"isPartOf\":{\"@id\":\"https:\/\/art-reinraumtechnik.de\/en\/#website\"},\"datePublished\":\"2024-01-30T23:21:51+00:00\",\"dateModified\":\"2024-02-09T09:14:08+00:00\",\"description\":\"Das Fertigungsprogramm der ART GmbH \u00fcberzeugt mit qualit\u00e4tsvollen, innovativen und investitionssicheren Anlagen f\u00fcr die Containment- und Reinraumtechnik.\",\"breadcrumb\":{\"@id\":\"https:\/\/art-reinraumtechnik.de\/en\/produkte\/laminar-flow-anlagen\/#breadcrumb\"},\"inLanguage\":\"en-US\",\"potentialAction\":[{\"@type\":\"ReadAction\",\"target\":[\"https:\/\/art-reinraumtechnik.de\/en\/produkte\/laminar-flow-anlagen\/\"]}]},{\"@type\":\"BreadcrumbList\",\"@id\":\"https:\/\/art-reinraumtechnik.de\/en\/produkte\/laminar-flow-anlagen\/#breadcrumb\",\"itemListElement\":[{\"@type\":\"ListItem\",\"position\":1,\"name\":\"Produktportfolio\",\"item\":\"https:\/\/art-reinraumtechnik.de\/en\/produkte\/\"},{\"@type\":\"ListItem\",\"position\":2,\"name\":\"Laminarflow Anlagen\"}]},{\"@type\":\"WebSite\",\"@id\":\"https:\/\/art-reinraumtechnik.de\/en\/#website\",\"url\":\"https:\/\/art-reinraumtechnik.de\/en\/\",\"name\":\"ART GmbH Anlagenbau Reinraum Technik\",\"description\":\"\",\"publisher\":{\"@id\":\"https:\/\/art-reinraumtechnik.de\/en\/#organization\"},\"alternateName\":\"Art GmbH\",\"potentialAction\":[{\"@type\":\"SearchAction\",\"target\":{\"@type\":\"EntryPoint\",\"urlTemplate\":\"https:\/\/art-reinraumtechnik.de\/en\/?s={search_term_string}\"},\"query-input\":{\"@type\":\"PropertyValueSpecification\",\"valueRequired\":true,\"valueName\":\"search_term_string\"}}],\"inLanguage\":\"en-US\"},{\"@type\":\"Organization\",\"@id\":\"https:\/\/art-reinraumtechnik.de\/en\/#organization\",\"name\":\"ART GmbH Anlagenbau Reinraum Technik\",\"alternateName\":\"Art GmbH\",\"url\":\"https:\/\/art-reinraumtechnik.de\/en\/\",\"logo\":{\"@type\":\"ImageObject\",\"inLanguage\":\"en-US\",\"@id\":\"https:\/\/art-reinraumtechnik.de\/en\/#\/schema\/logo\/image\/\",\"url\":\"https:\/\/art-reinraumtechnik.de\/en\/wp-content\/uploads\/sites\/2\/2024\/02\/logo.png\",\"contentUrl\":\"https:\/\/art-reinraumtechnik.de\/en\/wp-content\/uploads\/sites\/2\/2024\/02\/logo.png\",\"width\":919,\"height\":260,\"caption\":\"ART GmbH Anlagenbau Reinraum Technik\"},\"image\":{\"@id\":\"https:\/\/art-reinraumtechnik.de\/en\/#\/schema\/logo\/image\/\"}}]}<\/script>\n<!-- \/ Yoast SEO plugin. -->","yoast_head_json":{"title":"Laminar Flow-Anlagen - Art GmbH","description":"Das Fertigungsprogramm der ART GmbH \u00fcberzeugt mit qualit\u00e4tsvollen, innovativen und investitionssicheren Anlagen f\u00fcr die Containment- und Reinraumtechnik.","robots":{"index":"index","follow":"follow","max-snippet":"max-snippet:-1","max-image-preview":"max-image-preview:large","max-video-preview":"max-video-preview:-1"},"canonical":"https:\/\/art-reinraumtechnik.de\/en\/produkte\/laminar-flow-anlagen\/","og_locale":"en_US","og_type":"article","og_title":"Laminar Flow-Anlagen - Art GmbH","og_description":"Das Fertigungsprogramm der ART GmbH \u00fcberzeugt mit qualit\u00e4tsvollen, innovativen und investitionssicheren Anlagen f\u00fcr die Containment- und Reinraumtechnik.","og_url":"https:\/\/art-reinraumtechnik.de\/en\/produkte\/laminar-flow-anlagen\/","og_site_name":"ART-Reinraumtechnik ENG","article_modified_time":"2024-02-09T09:14:08+00:00","og_image":[{"width":919,"height":260,"url":"https:\/\/art-reinraumtechnik.de\/en\/wp-content\/uploads\/sites\/2\/2024\/02\/logo.png","type":"image\/png"}],"twitter_card":"summary_large_image","schema":{"@context":"https:\/\/schema.org","@graph":[{"@type":"WebPage","@id":"https:\/\/art-reinraumtechnik.de\/en\/produkte\/laminar-flow-anlagen\/","url":"https:\/\/art-reinraumtechnik.de\/en\/produkte\/laminar-flow-anlagen\/","name":"Laminar Flow-Anlagen - Art GmbH","isPartOf":{"@id":"https:\/\/art-reinraumtechnik.de\/en\/#website"},"datePublished":"2024-01-30T23:21:51+00:00","dateModified":"2024-02-09T09:14:08+00:00","description":"Das Fertigungsprogramm der ART GmbH \u00fcberzeugt mit qualit\u00e4tsvollen, innovativen und investitionssicheren Anlagen f\u00fcr die Containment- und Reinraumtechnik.","breadcrumb":{"@id":"https:\/\/art-reinraumtechnik.de\/en\/produkte\/laminar-flow-anlagen\/#breadcrumb"},"inLanguage":"en-US","potentialAction":[{"@type":"ReadAction","target":["https:\/\/art-reinraumtechnik.de\/en\/produkte\/laminar-flow-anlagen\/"]}]},{"@type":"BreadcrumbList","@id":"https:\/\/art-reinraumtechnik.de\/en\/produkte\/laminar-flow-anlagen\/#breadcrumb","itemListElement":[{"@type":"ListItem","position":1,"name":"Produktportfolio","item":"https:\/\/art-reinraumtechnik.de\/en\/produkte\/"},{"@type":"ListItem","position":2,"name":"Laminarflow Anlagen"}]},{"@type":"WebSite","@id":"https:\/\/art-reinraumtechnik.de\/en\/#website","url":"https:\/\/art-reinraumtechnik.de\/en\/","name":"ART GmbH Anlagenbau Reinraum Technik","description":"","publisher":{"@id":"https:\/\/art-reinraumtechnik.de\/en\/#organization"},"alternateName":"Art GmbH","potentialAction":[{"@type":"SearchAction","target":{"@type":"EntryPoint","urlTemplate":"https:\/\/art-reinraumtechnik.de\/en\/?s={search_term_string}"},"query-input":{"@type":"PropertyValueSpecification","valueRequired":true,"valueName":"search_term_string"}}],"inLanguage":"en-US"},{"@type":"Organization","@id":"https:\/\/art-reinraumtechnik.de\/en\/#organization","name":"ART GmbH Anlagenbau Reinraum Technik","alternateName":"Art GmbH","url":"https:\/\/art-reinraumtechnik.de\/en\/","logo":{"@type":"ImageObject","inLanguage":"en-US","@id":"https:\/\/art-reinraumtechnik.de\/en\/#\/schema\/logo\/image\/","url":"https:\/\/art-reinraumtechnik.de\/en\/wp-content\/uploads\/sites\/2\/2024\/02\/logo.png","contentUrl":"https:\/\/art-reinraumtechnik.de\/en\/wp-content\/uploads\/sites\/2\/2024\/02\/logo.png","width":919,"height":260,"caption":"ART GmbH Anlagenbau Reinraum Technik"},"image":{"@id":"https:\/\/art-reinraumtechnik.de\/en\/#\/schema\/logo\/image\/"}}]}},"_links":{"self":[{"href":"https:\/\/art-reinraumtechnik.de\/en\/wp-json\/wp\/v2\/pages\/38","targetHints":{"allow":["GET"]}}],"collection":[{"href":"https:\/\/art-reinraumtechnik.de\/en\/wp-json\/wp\/v2\/pages"}],"about":[{"href":"https:\/\/art-reinraumtechnik.de\/en\/wp-json\/wp\/v2\/types\/page"}],"author":[{"embeddable":true,"href":"https:\/\/art-reinraumtechnik.de\/en\/wp-json\/wp\/v2\/users\/1"}],"replies":[{"embeddable":true,"href":"https:\/\/art-reinraumtechnik.de\/en\/wp-json\/wp\/v2\/comments?post=38"}],"version-history":[{"count":1,"href":"https:\/\/art-reinraumtechnik.de\/en\/wp-json\/wp\/v2\/pages\/38\/revisions"}],"predecessor-version":[{"id":521,"href":"https:\/\/art-reinraumtechnik.de\/en\/wp-json\/wp\/v2\/pages\/38\/revisions\/521"}],"up":[{"embeddable":true,"href":"https:\/\/art-reinraumtechnik.de\/en\/wp-json\/wp\/v2\/pages\/20"}],"wp:attachment":[{"href":"https:\/\/art-reinraumtechnik.de\/en\/wp-json\/wp\/v2\/media?parent=38"}],"curies":[{"name":"wp","href":"https:\/\/api.w.org\/{rel}","templated":true}]}}